{"id":86,"date":"2014-01-29T22:26:43","date_gmt":"2014-01-29T21:26:43","guid":{"rendered":"http:\/\/www.eglisemigrationvd.com\/wpweb\/?page_id=86"},"modified":"2025-07-04T15:52:51","modified_gmt":"2025-07-04T14:52:51","slug":"contact","status":"publish","type":"page","link":"http:\/\/www.eglisemigrationvd.com\/wpweb\/?page_id=86","title":{"rendered":"Contact"},"content":{"rendered":"<p style=\"text-align: left;\">T\u00e9l\u00e9phone : <strong>021 331 57 20<\/strong> (mercredi de 10h \u00e0 12h et&nbsp;vendredi de 14h \u00e0 17h)<\/p>\n<p style=\"text-align: left;\">Courriel : <strong>pointdappuivd@gmail.com<\/strong><\/p>\n<p style=\"text-align: left;\">Adresse :<\/p>\n<p style=\"text-align: left;\"><strong>Point d&rsquo;Appui<\/strong><\/p>\n<p style=\"text-align: left;\"><strong>Rue Saint-Martin 36<\/strong><\/p>\n<p style=\"text-align: left;\"><strong>1005 Lausanne<\/strong><\/p>\n<p><a href=\"https:\/\/i0.wp.com\/www.eglisemigrationvd.com\/wpweb\/wp-content\/uploads\/2025\/07\/mapPointAppui.png\"><img data-recalc-dims=\"1\" loading=\"lazy\" decoding=\"async\" class=\"alignleft  wp-image-33138\" src=\"https:\/\/i0.wp.com\/www.eglisemigrationvd.com\/wpweb\/wp-content\/uploads\/2025\/07\/mapPointAppui.png?resize=486%2C616\" alt=\"\" width=\"486\" height=\"616\" srcset=\"https:\/\/i0.wp.com\/www.eglisemigrationvd.com\/wpweb\/wp-content\/uploads\/2025\/07\/mapPointAppui.png?w=537 537w, https:\/\/i0.wp.com\/www.eglisemigrationvd.com\/wpweb\/wp-content\/uploads\/2025\/07\/mapPointAppui.png?resize=237%2C300 237w\" sizes=\"auto, (max-width: 486px) 100vw, 486px\" \/><\/a><\/p>\n<p>&nbsp;<\/p>\n<p>&nbsp;<\/p>\n<p style=\"text-align: left;\">&nbsp;<\/p>\n<p>&nbsp;<\/p>\n","protected":false},"excerpt":{"rendered":"<p>T\u00e9l\u00e9phone : 021 331 57 20 (mercredi de 10h \u00e0 12h et&nbsp;vendredi de 14h \u00e0 17h) Courriel : pointdappuivd@gmail.com Adresse : Point d&rsquo;Appui Rue Saint-Martin 36 1005 Lausanne &nbsp; &nbsp; &nbsp; &nbsp;<\/p>\n","protected":false},"author":1,"featured_media":0,"parent":0,"menu_order":0,"comment_status":"closed","ping_status":"closed","template":"","meta":{"ngg_post_thumbnail":0,"jetpack_post_was_ever_published":false,"footnotes":""},"class_list":["post-86","page","type-page","status-publish","hentry"],"jetpack_sharing_enabled":true,"jetpack_shortlink":"https:\/\/wp.me\/P5l6ys-1o","_links":{"self":[{"href":"http:\/\/www.eglisemigrationvd.com\/wpweb\/index.php?rest_route=\/wp\/v2\/pages\/86","targetHints":{"allow":["GET"]}}],"collection":[{"href":"http:\/\/www.eglisemigrationvd.com\/wpweb\/index.php?rest_route=\/wp\/v2\/pages"}],"about":[{"href":"http:\/\/www.eglisemigrationvd.com\/wpweb\/index.php?rest_route=\/wp\/v2\/types\/page"}],"author":[{"embeddable":true,"href":"http:\/\/www.eglisemigrationvd.com\/wpweb\/index.php?rest_route=\/wp\/v2\/users\/1"}],"replies":[{"embeddable":true,"href":"http:\/\/www.eglisemigrationvd.com\/wpweb\/index.php?rest_route=%2Fwp%2Fv2%2Fcomments&post=86"}],"version-history":[{"count":12,"href":"http:\/\/www.eglisemigrationvd.com\/wpweb\/index.php?rest_route=\/wp\/v2\/pages\/86\/revisions"}],"predecessor-version":[{"id":33141,"href":"http:\/\/www.eglisemigrationvd.com\/wpweb\/index.php?rest_route=\/wp\/v2\/pages\/86\/revisions\/33141"}],"wp:attachment":[{"href":"http:\/\/www.eglisemigrationvd.com\/wpweb\/index.php?rest_route=%2Fwp%2Fv2%2Fmedia&parent=86"}],"curies":[{"name":"wp","href":"https:\/\/api.w.org\/{rel}","templated":true}]}}