{"id":14256,"date":"2019-09-13T09:59:18","date_gmt":"2019-09-13T08:59:18","guid":{"rendered":"http:\/\/www.eglisemigrationvd.com\/wpweb\/?page_id=14256"},"modified":"2025-07-15T08:57:31","modified_gmt":"2025-07-15T07:57:31","slug":"entretiens-individuels","status":"publish","type":"page","link":"https:\/\/www.eglisemigrationvd.com\/wpweb\/?page_id=14256","title":{"rendered":"Entretiens individuels"},"content":{"rendered":"<h1 class=\"wp-block-image alignleft is-resized\">&nbsp;<\/h1>\n\n\n<p class=\"has-text-align-center\"><\/p>\n\n\n\n<h2 class=\"wp-block-heading has-text-align-center\"><strong>BESOIN D&rsquo;UN ACCOMPAGNEMENT OU D&rsquo;UN SOUTIEN ?<\/strong><\/h2>\n\n\n\n<div class=\"wp-block-group\"><div class=\"wp-block-group__inner-container is-layout-constrained wp-block-group-is-layout-constrained\">\n<p><strong>Point d&rsquo;Appui propose \u00e0 celles et ceux qui le souhaitent des entretiens individuels. Une \u00e9quipe de deux m\u00e9diatrices et d&rsquo;un m\u00e9diateur, ainsi que deux b\u00e9n\u00e9voles sont donc \u00e0 votre disposition (uniquement sur rendez-vous) si vous souhaitez parler d&rsquo;un sujet qui vous touche personnellement.<\/strong><\/p>\n<\/div><\/div>\n\n\n\n<p><\/p>\n\n\n\n<p><\/p>\n\n\n<div class=\"wp-block-image\">\n<figure class=\"aligncenter size-full is-resized\"><a href=\"https:\/\/i0.wp.com\/www.eglisemigrationvd.com\/wpweb\/wp-content\/uploads\/2025\/07\/OIP-1.jpg?ssl=1\"><img data-recalc-dims=\"1\" loading=\"lazy\" decoding=\"async\" width=\"309\" height=\"180\" src=\"https:\/\/i0.wp.com\/www.eglisemigrationvd.com\/wpweb\/wp-content\/uploads\/2025\/07\/OIP-1.jpg?resize=309%2C180&#038;ssl=1\" alt=\"\" class=\"wp-image-33221\" style=\"width:493px;height:auto\" srcset=\"https:\/\/i0.wp.com\/www.eglisemigrationvd.com\/wpweb\/wp-content\/uploads\/2025\/07\/OIP-1.jpg?w=309&amp;ssl=1 309w, https:\/\/i0.wp.com\/www.eglisemigrationvd.com\/wpweb\/wp-content\/uploads\/2025\/07\/OIP-1.jpg?resize=300%2C175&amp;ssl=1 300w\" sizes=\"auto, (max-width: 309px) 100vw, 309px\" \/><\/a><\/figure><\/div>\n\n\n<p><\/p>\n\n\n\n<p><strong>Pour tout renseignement, veuillez nous contacter au 021 331 57 20 le mercredi de 10h \u00e0 12h et le vendredi de 14h \u00e0 17h. Vous pouvez \u00e9galement nous envoyer un e-mail \u00e0 pointdappuivd@gmail.com<\/strong><\/p>\n","protected":false},"excerpt":{"rendered":"<p>&nbsp; BESOIN D&rsquo;UN ACCOMPAGNEMENT OU D&rsquo;UN SOUTIEN ? Point d&rsquo;Appui propose \u00e0 celles et ceux qui le souhaitent des entretiens individuels. Une \u00e9quipe de deux m\u00e9diatrices et d&rsquo;un m\u00e9diateur, ainsi que deux b\u00e9n\u00e9voles sont donc \u00e0 votre disposition (uniquement sur rendez-vous) si vous souhaitez parler d&rsquo;un sujet qui vous touche personnellement. Pour tout renseignement, veuillez nous contacter au 021 331<\/p>\n<p><a class=\"more-link\" href=\"https:\/\/www.eglisemigrationvd.com\/wpweb\/?page_id=14256\">Read More<\/a><\/p>\n","protected":false},"author":1,"featured_media":0,"parent":0,"menu_order":0,"comment_status":"closed","ping_status":"closed","template":"","meta":{"ngg_post_thumbnail":0,"footnotes":""},"class_list":["post-14256","page","type-page","status-publish","hentry"],"jetpack_sharing_enabled":true,"jetpack_shortlink":"https:\/\/wp.me\/P5l6ys-3HW","_links":{"self":[{"href":"https:\/\/www.eglisemigrationvd.com\/wpweb\/index.php?rest_route=\/wp\/v2\/pages\/14256","targetHints":{"allow":["GET"]}}],"collection":[{"href":"https:\/\/www.eglisemigrationvd.com\/wpweb\/index.php?rest_route=\/wp\/v2\/pages"}],"about":[{"href":"https:\/\/www.eglisemigrationvd.com\/wpweb\/index.php?rest_route=\/wp\/v2\/types\/page"}],"author":[{"embeddable":true,"href":"https:\/\/www.eglisemigrationvd.com\/wpweb\/index.php?rest_route=\/wp\/v2\/users\/1"}],"replies":[{"embeddable":true,"href":"https:\/\/www.eglisemigrationvd.com\/wpweb\/index.php?rest_route=%2Fwp%2Fv2%2Fcomments&post=14256"}],"version-history":[{"count":20,"href":"https:\/\/www.eglisemigrationvd.com\/wpweb\/index.php?rest_route=\/wp\/v2\/pages\/14256\/revisions"}],"predecessor-version":[{"id":33287,"href":"https:\/\/www.eglisemigrationvd.com\/wpweb\/index.php?rest_route=\/wp\/v2\/pages\/14256\/revisions\/33287"}],"wp:attachment":[{"href":"https:\/\/www.eglisemigrationvd.com\/wpweb\/index.php?rest_route=%2Fwp%2Fv2%2Fmedia&parent=14256"}],"curies":[{"name":"wp","href":"https:\/\/api.w.org\/{rel}","templated":true}]}}